{"id":183,"date":"2025-10-27T01:04:16","date_gmt":"2025-10-27T00:04:16","guid":{"rendered":"https:\/\/zemavek-eshop.sk\/dveslnka\/?page_id=183"},"modified":"2025-10-27T21:34:21","modified_gmt":"2025-10-27T20:34:21","slug":"predplatne-2026","status":"publish","type":"page","link":"https:\/\/zemavek-eshop.sk\/dveslnka\/predplatne-2026\/","title":{"rendered":"Predplatn\u00e9 2026"},"content":{"rendered":"<div class=\"woocommerce columns-3 \"><ul class=\"products columns-3\">\n<li class=\"product type-product post-180 status-publish first instock product_cat-nezaradene has-post-thumbnail taxable shipping-taxable purchasable product-type-simple\">\n\t<a href=\"https:\/\/zemavek-eshop.sk\/dveslnka\/produkt\/celorocne-predplatne-2026-zemvek-januar-december\/\" class=\"woocommerce-LoopProduct-link woocommerce-loop-product__link\"><img loading=\"lazy\" decoding=\"async\" width=\"324\" height=\"324\" src=\"https:\/\/zemavek-eshop.sk\/dveslnka\/wp-content\/uploads\/2025\/10\/ZemVek-predplatne-2026-01-12-324x324.jpg\" class=\"attachment-woocommerce_thumbnail size-woocommerce_thumbnail\" alt=\"Celoro\u010dn\u00e9 predplatn\u00e9 2026 ZEM&amp;VEK (janu\u00e1r-december)\" srcset=\"https:\/\/zemavek-eshop.sk\/dveslnka\/wp-content\/uploads\/2025\/10\/ZemVek-predplatne-2026-01-12-324x324.jpg 324w, https:\/\/zemavek-eshop.sk\/dveslnka\/wp-content\/uploads\/2025\/10\/ZemVek-predplatne-2026-01-12-300x300.jpg 300w, https:\/\/zemavek-eshop.sk\/dveslnka\/wp-content\/uploads\/2025\/10\/ZemVek-predplatne-2026-01-12-1024x1024.jpg 1024w, https:\/\/zemavek-eshop.sk\/dveslnka\/wp-content\/uploads\/2025\/10\/ZemVek-predplatne-2026-01-12-150x150.jpg 150w, https:\/\/zemavek-eshop.sk\/dveslnka\/wp-content\/uploads\/2025\/10\/ZemVek-predplatne-2026-01-12-768x768.jpg 768w, https:\/\/zemavek-eshop.sk\/dveslnka\/wp-content\/uploads\/2025\/10\/ZemVek-predplatne-2026-01-12-416x416.jpg 416w, https:\/\/zemavek-eshop.sk\/dveslnka\/wp-content\/uploads\/2025\/10\/ZemVek-predplatne-2026-01-12-100x100.jpg 100w, https:\/\/zemavek-eshop.sk\/dveslnka\/wp-content\/uploads\/2025\/10\/ZemVek-predplatne-2026-01-12.jpg 1500w\" sizes=\"auto, (max-width: 324px) 100vw, 324px\" \/><h2 class=\"woocommerce-loop-product__title\">Celoro\u010dn\u00e9 predplatn\u00e9 2026 ZEM&#038;VEK (janu\u00e1r-december)<\/h2>\n\t<span class=\"price\"><span class=\"woocommerce-Price-amount amount\"><bdi>88,80&nbsp;<span class=\"woocommerce-Price-currencySymbol\">&euro;<\/span><\/bdi><\/span> <small class=\"woocommerce-price-suffix\">s DPH<\/small><\/span>\n<\/a><a href=\"\/dveslnka\/wp-json\/wp\/v2\/pages\/183?add-to-cart=180\" aria-describedby=\"woocommerce_loop_add_to_cart_link_describedby_180\" data-quantity=\"1\" class=\"button product_type_simple add_to_cart_button ajax_add_to_cart\" data-product_id=\"180\" data-product_sku=\"\" aria-label=\"Prida\u0165 do ko\u0161\u00edka: \u201eCeloro\u010dn\u00e9 predplatn\u00e9 2026 ZEM&amp;VEK (janu\u00e1r-december)\u201c\" rel=\"nofollow\" data-success_message=\"\u201eCeloro\u010dn\u00e9 predplatn\u00e9 2026 ZEM&amp;VEK (janu\u00e1r-december)\u201c bol pridan\u00fd do v\u00e1\u0161ho ko\u0161\u00edka\">Prida\u0165 do ko\u0161\u00edka<\/a>\t<span id=\"woocommerce_loop_add_to_cart_link_describedby_180\" class=\"screen-reader-text\">\n\t\t\t<\/span>\n<\/li>\n<li class=\"product type-product post-188 status-publish instock product_cat-nezaradene has-post-thumbnail taxable shipping-taxable purchasable product-type-simple\">\n\t<a href=\"https:\/\/zemavek-eshop.sk\/dveslnka\/produkt\/polrocne-predplatne-2026-zemvek-januar-jun\/\" class=\"woocommerce-LoopProduct-link woocommerce-loop-product__link\"><img loading=\"lazy\" decoding=\"async\" width=\"324\" height=\"324\" src=\"https:\/\/zemavek-eshop.sk\/dveslnka\/wp-content\/uploads\/2025\/10\/ZemVek-predplatne-2026-01-06-324x324.jpg\" class=\"attachment-woocommerce_thumbnail size-woocommerce_thumbnail\" alt=\"Polro\u010dn\u00e9 predplatn\u00e9 2026 ZEM&amp;VEK (janu\u00e1r-j\u00fan)\" srcset=\"https:\/\/zemavek-eshop.sk\/dveslnka\/wp-content\/uploads\/2025\/10\/ZemVek-predplatne-2026-01-06-324x324.jpg 324w, https:\/\/zemavek-eshop.sk\/dveslnka\/wp-content\/uploads\/2025\/10\/ZemVek-predplatne-2026-01-06-300x300.jpg 300w, https:\/\/zemavek-eshop.sk\/dveslnka\/wp-content\/uploads\/2025\/10\/ZemVek-predplatne-2026-01-06-1024x1024.jpg 1024w, https:\/\/zemavek-eshop.sk\/dveslnka\/wp-content\/uploads\/2025\/10\/ZemVek-predplatne-2026-01-06-150x150.jpg 150w, https:\/\/zemavek-eshop.sk\/dveslnka\/wp-content\/uploads\/2025\/10\/ZemVek-predplatne-2026-01-06-768x768.jpg 768w, https:\/\/zemavek-eshop.sk\/dveslnka\/wp-content\/uploads\/2025\/10\/ZemVek-predplatne-2026-01-06-416x416.jpg 416w, https:\/\/zemavek-eshop.sk\/dveslnka\/wp-content\/uploads\/2025\/10\/ZemVek-predplatne-2026-01-06-100x100.jpg 100w, https:\/\/zemavek-eshop.sk\/dveslnka\/wp-content\/uploads\/2025\/10\/ZemVek-predplatne-2026-01-06.jpg 1500w\" sizes=\"auto, (max-width: 324px) 100vw, 324px\" \/><h2 class=\"woocommerce-loop-product__title\">Polro\u010dn\u00e9 predplatn\u00e9 2026 ZEM&#038;VEK (janu\u00e1r-j\u00fan)<\/h2>\n\t<span class=\"price\"><span class=\"woocommerce-Price-amount amount\"><bdi>45,60&nbsp;<span class=\"woocommerce-Price-currencySymbol\">&euro;<\/span><\/bdi><\/span> <small class=\"woocommerce-price-suffix\">s DPH<\/small><\/span>\n<\/a><a href=\"\/dveslnka\/wp-json\/wp\/v2\/pages\/183?add-to-cart=188\" aria-describedby=\"woocommerce_loop_add_to_cart_link_describedby_188\" data-quantity=\"1\" class=\"button product_type_simple add_to_cart_button ajax_add_to_cart\" data-product_id=\"188\" data-product_sku=\"\" aria-label=\"Prida\u0165 do ko\u0161\u00edka: \u201ePolro\u010dn\u00e9 predplatn\u00e9 2026 ZEM&amp;VEK (janu\u00e1r-j\u00fan)\u201c\" rel=\"nofollow\" data-success_message=\"\u201ePolro\u010dn\u00e9 predplatn\u00e9 2026 ZEM&amp;VEK (janu\u00e1r-j\u00fan)\u201c bol pridan\u00fd do v\u00e1\u0161ho ko\u0161\u00edka\">Prida\u0165 do ko\u0161\u00edka<\/a>\t<span id=\"woocommerce_loop_add_to_cart_link_describedby_188\" class=\"screen-reader-text\">\n\t\t\t<\/span>\n<\/li>\n<li class=\"product type-product post-197 status-publish last instock product_cat-nezaradene has-post-thumbnail taxable shipping-taxable purchasable product-type-simple\">\n\t<a href=\"https:\/\/zemavek-eshop.sk\/dveslnka\/produkt\/stvrtrocne-predplatne-2026-zemvek-januar-marec\/\" class=\"woocommerce-LoopProduct-link woocommerce-loop-product__link\"><img loading=\"lazy\" decoding=\"async\" width=\"324\" height=\"324\" src=\"https:\/\/zemavek-eshop.sk\/dveslnka\/wp-content\/uploads\/2025\/10\/ZemVek-predplatne-2026-01-03-324x324.jpg\" class=\"attachment-woocommerce_thumbnail size-woocommerce_thumbnail\" alt=\"\u0160tvr\u0165ro\u010dn\u00e9 predplatn\u00e9 2026 ZEM&amp;VEK (janu\u00e1r-marec)\" srcset=\"https:\/\/zemavek-eshop.sk\/dveslnka\/wp-content\/uploads\/2025\/10\/ZemVek-predplatne-2026-01-03-324x324.jpg 324w, https:\/\/zemavek-eshop.sk\/dveslnka\/wp-content\/uploads\/2025\/10\/ZemVek-predplatne-2026-01-03-300x300.jpg 300w, https:\/\/zemavek-eshop.sk\/dveslnka\/wp-content\/uploads\/2025\/10\/ZemVek-predplatne-2026-01-03-1024x1024.jpg 1024w, https:\/\/zemavek-eshop.sk\/dveslnka\/wp-content\/uploads\/2025\/10\/ZemVek-predplatne-2026-01-03-150x150.jpg 150w, https:\/\/zemavek-eshop.sk\/dveslnka\/wp-content\/uploads\/2025\/10\/ZemVek-predplatne-2026-01-03-768x768.jpg 768w, https:\/\/zemavek-eshop.sk\/dveslnka\/wp-content\/uploads\/2025\/10\/ZemVek-predplatne-2026-01-03-416x416.jpg 416w, https:\/\/zemavek-eshop.sk\/dveslnka\/wp-content\/uploads\/2025\/10\/ZemVek-predplatne-2026-01-03-100x100.jpg 100w, https:\/\/zemavek-eshop.sk\/dveslnka\/wp-content\/uploads\/2025\/10\/ZemVek-predplatne-2026-01-03.jpg 1500w\" sizes=\"auto, (max-width: 324px) 100vw, 324px\" \/><h2 class=\"woocommerce-loop-product__title\">\u0160tvr\u0165ro\u010dn\u00e9 predplatn\u00e9 2026 ZEM&#038;VEK (janu\u00e1r-marec)<\/h2>\n\t<span class=\"price\"><span class=\"woocommerce-Price-amount amount\"><bdi>23,10&nbsp;<span class=\"woocommerce-Price-currencySymbol\">&euro;<\/span><\/bdi><\/span> <small class=\"woocommerce-price-suffix\">s DPH<\/small><\/span>\n<\/a><a href=\"\/dveslnka\/wp-json\/wp\/v2\/pages\/183?add-to-cart=197\" aria-describedby=\"woocommerce_loop_add_to_cart_link_describedby_197\" data-quantity=\"1\" class=\"button product_type_simple add_to_cart_button ajax_add_to_cart\" data-product_id=\"197\" data-product_sku=\"\" aria-label=\"Prida\u0165 do ko\u0161\u00edka: \u201e\u0160tvr\u0165ro\u010dn\u00e9 predplatn\u00e9 2026 ZEM&amp;VEK (janu\u00e1r-marec)\u201c\" rel=\"nofollow\" data-success_message=\"\u201e\u0160tvr\u0165ro\u010dn\u00e9 predplatn\u00e9 2026 ZEM&amp;VEK (janu\u00e1r-marec)\u201c bol pridan\u00fd do v\u00e1\u0161ho ko\u0161\u00edka\">Prida\u0165 do ko\u0161\u00edka<\/a>\t<span id=\"woocommerce_loop_add_to_cart_link_describedby_197\" class=\"screen-reader-text\">\n\t\t\t<\/span>\n<\/li>\n<\/ul>\n<\/div>\n","protected":false},"excerpt":{"rendered":"","protected":false},"author":1,"featured_media":0,"parent":0,"menu_order":0,"comment_status":"closed","ping_status":"closed","template":"","meta":{"footnotes":""},"class_list":["post-183","page","type-page","status-publish","hentry"],"_links":{"self":[{"href":"https:\/\/zemavek-eshop.sk\/dveslnka\/wp-json\/wp\/v2\/pages\/183","targetHints":{"allow":["GET"]}}],"collection":[{"href":"https:\/\/zemavek-eshop.sk\/dveslnka\/wp-json\/wp\/v2\/pages"}],"about":[{"href":"https:\/\/zemavek-eshop.sk\/dveslnka\/wp-json\/wp\/v2\/types\/page"}],"author":[{"embeddable":true,"href":"https:\/\/zemavek-eshop.sk\/dveslnka\/wp-json\/wp\/v2\/users\/1"}],"replies":[{"embeddable":true,"href":"https:\/\/zemavek-eshop.sk\/dveslnka\/wp-json\/wp\/v2\/comments?post=183"}],"version-history":[{"count":5,"href":"https:\/\/zemavek-eshop.sk\/dveslnka\/wp-json\/wp\/v2\/pages\/183\/revisions"}],"predecessor-version":[{"id":199,"href":"https:\/\/zemavek-eshop.sk\/dveslnka\/wp-json\/wp\/v2\/pages\/183\/revisions\/199"}],"wp:attachment":[{"href":"https:\/\/zemavek-eshop.sk\/dveslnka\/wp-json\/wp\/v2\/media?parent=183"}],"curies":[{"name":"wp","href":"https:\/\/api.w.org\/{rel}","templated":true}]}}