{"id":17,"date":"2025-09-28T21:02:43","date_gmt":"2025-09-28T19:02:43","guid":{"rendered":"https:\/\/zemavek-eshop.sk\/dveslnka\/?post_type=product&#038;p=17"},"modified":"2026-01-06T23:25:45","modified_gmt":"2026-01-06T22:25:45","slug":"dve-slnka","status":"publish","type":"product","link":"https:\/\/zemavek-eshop.sk\/dveslnka\/produkt\/dve-slnka\/","title":{"rendered":"DVE SLNK\u00c1&nbsp;<BR>EVANJELIUM DIGIT\u00c1LNYCH BOHOV&nbsp;"},"content":{"rendered":"<p>Kni\u017en\u00e1 novinka<\/p>\n<p>N\u00e1zov: DVE SLNK\u00c1<\/p>\n<p>Podn\u00e1zov: EVANJELIUM DIGIT\u00c1LNYCH BOHOV<\/p>\n<p>Autori: Peter Stan\u011bk &amp; Tibor Eliot Rostas<\/p>\n<p>Anot\u00e1cia:<br \/>\nDigit\u00e1lna demencia nastupuj\u00facich gener\u00e1ci\u00ed \u2013 izolovan\u00fdch vo virtu\u00e1lnej<br \/>\nrealite \u2013 rozlo\u017e\u00ed civiliz\u00e1ciu Homo sapiens na fragmenty. U\u017e o p\u00e1r rokov<br \/>\notvor\u00ed br\u00e1ny pre nastolenie technokratick\u00e9ho despotizmu ovl\u00e1dan\u00e9ho<br \/>\npredstavenstvom glob\u00e1lnych korpor\u00e1ci\u00ed.<\/p>\n<p>K\u00d3DEX TECHNO-TRANSHUMANISTICK\u00c9HO VEKU<\/p>\n<p>-\u017eiadna hotovos\u0165 digit\u00e1lne meny soci\u00e1lne kredity<\/p>\n<p>-\u017eiadne vlastn\u00edctvo zdie\u013ean\u00e1 ekonomika<\/p>\n<p>-\u017eiadny slobodn\u00fd pohyb z\u00e1nik individu\u00e1lnej dopravy<\/p>\n<p>-\u017eiadne p\u00f4vodn\u00e9 potraviny syntetick\u00e1 v\u00fd\u017eiva, hmyz, hydrop\u00f3nia<\/p>\n<p>-\u017eiadna nekontrolovan\u00e1 popul\u00e1cia edit\u00e1cia DNA, embryon\u00e1lna selekcia<\/p>\n<p>-\u017eiadne slobodn\u00e9 myslenie NeuroGrid a epigenetick\u00e1 poslu\u0161nos\u0165<\/p>\n<p>-\u017eiadne individu\u00e1lne rozhodnutia predikt\u00edvna pol\u00edcia<\/p>\n<p>-\u017eiadne vl\u00e1dy korpor\u00e1tna glob\u00e1lna technokracia<\/p>\n<p>V\u00fdvoj umelej inteligencie sa v horizonte jednej dek\u00e1dy zl\u00fa\u010di do AGI \u2013<br \/>\nv\u0161eobecnej umelej inteligencie \u2013 ktor\u00e1 z\u00edska asymetrick\u00fa moc nad ka\u017ed\u00fdm<br \/>\naspektom \u017eivota. Vr\u00e1tane pr\u00edstupu k bezpe\u010dnostn\u00fdm protokolom at\u00f3mov\u00fdch,<br \/>\nkinetick\u00fdch a termonukle\u00e1rnych zbran\u00ed.<\/p>\n<p>Toto nie s\u00fa fant\u00e1zie. Toto s\u00fa fakty. Scen\u00e1r totality, ak\u00fa dejiny e\u0161te<br \/>\nneza\u017eili.<\/p>\n<p>Profesor Peter Stan\u011bk doklad\u00e1 vedeck\u00e9 \u0161t\u00fadie.<\/p>\n<p>Tibor Eliot Rostas prin\u00e1\u0161a dystopick\u00fa beletriu.<\/p>\n<p>Spolu vytvorili DVE SLNK\u00c1 \u2013 knihu, ktor\u00fa nemo\u017eno ignorova\u0165.<\/p>\n<p>Cena knihy: 23,95 \u20ac<br \/>\nISBN: 978-80-975163-0-7<br \/>\nEAN: 9788097516307<br \/>\nRozmer str\u00e1n: 145 \u00d7 220 mm<br \/>\nV\u00e4zba: tvrd\u00e1<br \/>\nPoradie vydania : prv\u00e9<br \/>\nRok vydania : 2025<\/p>\n<p>V pr\u00edpade nejasnost\u00ed n\u00e1s, pros\u00edm, kontaktujte p\u00edsomne: <a href=\"mailto:zav.podpora@gmail.com\" target=\"_blank\" rel=\"noopener noreferrer\">zav.podpora@gmail.com<\/a>,<br \/>\nalebo telefonicky: \u202d+421 915 895 328\u202c<\/p>\n","protected":false},"excerpt":{"rendered":"<p>Kni\u017en\u00e1 novinka N\u00e1zov: DVE SLNK\u00c1 Podn\u00e1zov: EVANJELIUM DIGIT\u00c1LNYCH BOHOV Autori: Peter Stan\u011bk &amp; Tibor Eliot Rostas Anot\u00e1cia: Digit\u00e1lna demencia nastupuj\u00facich gener\u00e1ci\u00ed \u2013 izolovan\u00fdch vo virtu\u00e1lnej realite \u2013 rozlo\u017e\u00ed civiliz\u00e1ciu Homo sapiens na fragmenty. U\u017e o p\u00e1r rokov otvor\u00ed br\u00e1ny pre nastolenie technokratick\u00e9ho despotizmu ovl\u00e1dan\u00e9ho predstavenstvom glob\u00e1lnych korpor\u00e1ci\u00ed. K\u00d3DEX TECHNO-TRANSHUMANISTICK\u00c9HO VEKU -\u017eiadna hotovos\u0165 digit\u00e1lne meny soci\u00e1lne [&hellip;]<\/p>\n","protected":false},"featured_media":1216,"template":"","meta":[],"product_brand":[],"product_cat":[19],"product_tag":[],"class_list":{"0":"post-17","1":"product","2":"type-product","3":"status-publish","4":"has-post-thumbnail","6":"product_cat-knihy","7":"product_shipping_class-dve-slnka","9":"first","10":"instock","11":"taxable","12":"shipping-taxable","13":"purchasable","14":"product-type-simple"},"_links":{"self":[{"href":"https:\/\/zemavek-eshop.sk\/dveslnka\/wp-json\/wp\/v2\/product\/17","targetHints":{"allow":["GET"]}}],"collection":[{"href":"https:\/\/zemavek-eshop.sk\/dveslnka\/wp-json\/wp\/v2\/product"}],"about":[{"href":"https:\/\/zemavek-eshop.sk\/dveslnka\/wp-json\/wp\/v2\/types\/product"}],"wp:featuredmedia":[{"embeddable":true,"href":"https:\/\/zemavek-eshop.sk\/dveslnka\/wp-json\/wp\/v2\/media\/1216"}],"wp:attachment":[{"href":"https:\/\/zemavek-eshop.sk\/dveslnka\/wp-json\/wp\/v2\/media?parent=17"}],"wp:term":[{"taxonomy":"product_brand","embeddable":true,"href":"https:\/\/zemavek-eshop.sk\/dveslnka\/wp-json\/wp\/v2\/product_brand?post=17"},{"taxonomy":"product_cat","embeddable":true,"href":"https:\/\/zemavek-eshop.sk\/dveslnka\/wp-json\/wp\/v2\/product_cat?post=17"},{"taxonomy":"product_tag","embeddable":true,"href":"https:\/\/zemavek-eshop.sk\/dveslnka\/wp-json\/wp\/v2\/product_tag?post=17"}],"curies":[{"name":"wp","href":"https:\/\/api.w.org\/{rel}","templated":true}]}}