{"id":2409,"date":"2026-01-09T00:19:51","date_gmt":"2026-01-08T23:19:51","guid":{"rendered":"https:\/\/zemavek-eshop.sk\/dveslnka\/?post_type=product&#038;p=2409"},"modified":"2026-01-27T19:53:36","modified_gmt":"2026-01-27T18:53:36","slug":"februar-2026","status":"publish","type":"product","link":"https:\/\/zemavek-eshop.sk\/dveslnka\/produkt\/februar-2026\/","title":{"rendered":"Febru\u00e1r 2026"},"content":{"rendered":"<p>Cena je 7,90 eur\/kus vr\u00e1tane po\u0161tovn\u00e9ho. Pri po\u017eiadavke na doru\u010denie do zahrani\u010dia sa pripo\u010d\u00edtava po\u0161tovn\u00e9 pod\u013ea cenn\u00edka Slovenskej po\u0161ty (\u010cR 4,90\u20ac\/ks, Eur\u00f3pa 6,10\u20ac\/ks, svet 8,80\u20ac\/ks).<\/p>\n","protected":false},"excerpt":{"rendered":"<p>po\u0161tovn\u00e9 SR zdarma<\/p>\n","protected":false},"featured_media":2576,"template":"","meta":[],"product_brand":[],"product_cat":[28],"product_tag":[],"class_list":{"0":"post-2409","1":"product","2":"type-product","3":"status-publish","4":"has-post-thumbnail","6":"product_cat-casopisy","7":"product_shipping_class-kusovka-casopis","9":"first","10":"instock","11":"taxable","12":"shipping-taxable","13":"purchasable","14":"product-type-simple"},"_links":{"self":[{"href":"https:\/\/zemavek-eshop.sk\/dveslnka\/wp-json\/wp\/v2\/product\/2409","targetHints":{"allow":["GET"]}}],"collection":[{"href":"https:\/\/zemavek-eshop.sk\/dveslnka\/wp-json\/wp\/v2\/product"}],"about":[{"href":"https:\/\/zemavek-eshop.sk\/dveslnka\/wp-json\/wp\/v2\/types\/product"}],"wp:featuredmedia":[{"embeddable":true,"href":"https:\/\/zemavek-eshop.sk\/dveslnka\/wp-json\/wp\/v2\/media\/2576"}],"wp:attachment":[{"href":"https:\/\/zemavek-eshop.sk\/dveslnka\/wp-json\/wp\/v2\/media?parent=2409"}],"wp:term":[{"taxonomy":"product_brand","embeddable":true,"href":"https:\/\/zemavek-eshop.sk\/dveslnka\/wp-json\/wp\/v2\/product_brand?post=2409"},{"taxonomy":"product_cat","embeddable":true,"href":"https:\/\/zemavek-eshop.sk\/dveslnka\/wp-json\/wp\/v2\/product_cat?post=2409"},{"taxonomy":"product_tag","embeddable":true,"href":"https:\/\/zemavek-eshop.sk\/dveslnka\/wp-json\/wp\/v2\/product_tag?post=2409"}],"curies":[{"name":"wp","href":"https:\/\/api.w.org\/{rel}","templated":true}]}}