{"id":2747,"date":"2026-03-31T22:02:34","date_gmt":"2026-03-31T20:02:34","guid":{"rendered":"https:\/\/zemavek-eshop.sk\/dveslnka\/?post_type=product&#038;p=2747"},"modified":"2026-03-31T22:11:14","modified_gmt":"2026-03-31T20:11:14","slug":"predplatne-2026-zemvek-maj-december","status":"publish","type":"product","link":"https:\/\/zemavek-eshop.sk\/dveslnka\/produkt\/predplatne-2026-zemvek-maj-december\/","title":{"rendered":"Predplatn\u00e9 2026 Zem&#038;Vek (m\u00e1j &#8211; december)"},"content":{"rendered":"<p>Pre pred\u013a\u017eenie predplatn\u00e9ho u u\u017e existuj\u00facich predplatite\u013eov sta\u010d\u00ed iba<br \/>\nuhradi\u0165 predplatn\u00e9 (59,20 EUR) na n\u00e1\u0161 \u00fa\u010det IBAN:<br \/>\nSK06 0900 0000 0052 3879 1124<\/p>\n<p>a <strong>do variabiln\u00e9ho symbolu uvies\u0165 \u010d\u00edslo Va\u0161ej <\/strong><strong>objedn\u00e1vky<\/strong>,<\/p>\n<p>ktor\u00e1 obsahovala predplatn\u00e9 pre rok 2025.<\/p>\n<p>Cena je vr\u00e1tane po\u0161tovn\u00e9ho pre \u00fazemie SR.<\/p>\n<p>N\u00e1\u0161 \u010dasopis sa chce vymani\u0165 z be\u017en\u00fdch stereotypov nielen svoj\u00edm obsahom a<br \/>\nspracovan\u00edm, ale aj t\u00fdm, \u017ee nebude publikova\u0165 inzerciu a reklamy. K<br \/>\npredplatn\u00e9mu s\u00edce nepon\u00fakame z\u013eavy v hypermarketoch a kozmetick\u00fdch<br \/>\n\u0161t\u00fadi\u00e1ch, ale na\u0161im naj\u00faprimnej\u0161\u00edm po\u010fakovan\u00edm za Va\u0161u priaze\u0148 je<br \/>\nroz\u0161\u00edrenie V\u00e1\u0161ho \u010dasopisu. Ost\u00e1vame aj na\u010falej bez akejko\u013evek reklamy a<br \/>\npreto sa nemus\u00edme spoveda\u0165 \u017eiadnym sponzorom, inzerentom ani politick\u00fdm<br \/>\nstran\u00e1m. Pr\u00e1ve toto je jedin\u00fdm a skuto\u010dn\u00fdm krit\u00e9riom nez\u00e1vislosti, v\u010faka<br \/>\nktorej m\u00f4\u017eeme sl\u00fa\u017ei\u0165 iba V\u00e1m, \u010ditate\u013eom. Aj z tohoto d\u00f4vodu sme v\u00fdlu\u010dne<br \/>\nz\u00e1visl\u00ed iba na predaji a predplatnom. Srde\u010dne \u010fakujeme za Va\u0161u podporu.<\/p>\n","protected":false},"excerpt":{"rendered":"<p>po\u0161tovn\u00e9 SR zdarma<\/p>\n","protected":false},"featured_media":2748,"template":"","meta":[],"product_brand":[],"product_cat":[28],"product_tag":[],"class_list":{"0":"post-2747","1":"product","2":"type-product","3":"status-publish","4":"has-post-thumbnail","6":"product_cat-casopisy","7":"product_shipping_class-2026-5-12-maj-december","9":"first","10":"instock","11":"taxable","12":"shipping-taxable","13":"purchasable","14":"product-type-simple"},"_links":{"self":[{"href":"https:\/\/zemavek-eshop.sk\/dveslnka\/wp-json\/wp\/v2\/product\/2747","targetHints":{"allow":["GET"]}}],"collection":[{"href":"https:\/\/zemavek-eshop.sk\/dveslnka\/wp-json\/wp\/v2\/product"}],"about":[{"href":"https:\/\/zemavek-eshop.sk\/dveslnka\/wp-json\/wp\/v2\/types\/product"}],"wp:featuredmedia":[{"embeddable":true,"href":"https:\/\/zemavek-eshop.sk\/dveslnka\/wp-json\/wp\/v2\/media\/2748"}],"wp:attachment":[{"href":"https:\/\/zemavek-eshop.sk\/dveslnka\/wp-json\/wp\/v2\/media?parent=2747"}],"wp:term":[{"taxonomy":"product_brand","embeddable":true,"href":"https:\/\/zemavek-eshop.sk\/dveslnka\/wp-json\/wp\/v2\/product_brand?post=2747"},{"taxonomy":"product_cat","embeddable":true,"href":"https:\/\/zemavek-eshop.sk\/dveslnka\/wp-json\/wp\/v2\/product_cat?post=2747"},{"taxonomy":"product_tag","embeddable":true,"href":"https:\/\/zemavek-eshop.sk\/dveslnka\/wp-json\/wp\/v2\/product_tag?post=2747"}],"curies":[{"name":"wp","href":"https:\/\/api.w.org\/{rel}","templated":true}]}}