{"id":2790,"date":"2026-05-04T23:54:18","date_gmt":"2026-05-04T21:54:18","guid":{"rendered":"https:\/\/zemavek-eshop.sk\/dveslnka\/?post_type=product&#038;p=2790"},"modified":"2026-05-04T23:54:55","modified_gmt":"2026-05-04T21:54:55","slug":"jun-2026","status":"publish","type":"product","link":"https:\/\/zemavek-eshop.sk\/dveslnka\/produkt\/jun-2026\/","title":{"rendered":"J\u00fan 2026"},"content":{"rendered":"<p>Cena je 7,90 eur\/kus vr\u00e1tane po\u0161tovn\u00e9ho. <\/p>\n","protected":false},"excerpt":{"rendered":"<p>po\u0161tovn\u00e9 SR zdarma<\/p>\n","protected":false},"featured_media":0,"template":"","meta":[],"product_brand":[],"product_cat":[28],"product_tag":[],"class_list":{"0":"post-2790","1":"product","2":"type-product","3":"status-publish","5":"product_cat-casopisy","6":"product_shipping_class-kusovka-casopis","8":"first","9":"instock","10":"taxable","11":"shipping-taxable","12":"purchasable","13":"product-type-simple"},"_links":{"self":[{"href":"https:\/\/zemavek-eshop.sk\/dveslnka\/wp-json\/wp\/v2\/product\/2790","targetHints":{"allow":["GET"]}}],"collection":[{"href":"https:\/\/zemavek-eshop.sk\/dveslnka\/wp-json\/wp\/v2\/product"}],"about":[{"href":"https:\/\/zemavek-eshop.sk\/dveslnka\/wp-json\/wp\/v2\/types\/product"}],"wp:attachment":[{"href":"https:\/\/zemavek-eshop.sk\/dveslnka\/wp-json\/wp\/v2\/media?parent=2790"}],"wp:term":[{"taxonomy":"product_brand","embeddable":true,"href":"https:\/\/zemavek-eshop.sk\/dveslnka\/wp-json\/wp\/v2\/product_brand?post=2790"},{"taxonomy":"product_cat","embeddable":true,"href":"https:\/\/zemavek-eshop.sk\/dveslnka\/wp-json\/wp\/v2\/product_cat?post=2790"},{"taxonomy":"product_tag","embeddable":true,"href":"https:\/\/zemavek-eshop.sk\/dveslnka\/wp-json\/wp\/v2\/product_tag?post=2790"}],"curies":[{"name":"wp","href":"https:\/\/api.w.org\/{rel}","templated":true}]}}